{"id":7453,"date":"2024-08-21T09:01:49","date_gmt":"2024-08-21T09:01:49","guid":{"rendered":"https:\/\/aspen.ee\/screening\/"},"modified":"2024-11-05T16:55:51","modified_gmt":"2024-11-05T16:55:51","slug":"screening","status":"publish","type":"page","link":"https:\/\/aspen.ee\/en\/screening\/","title":{"rendered":"Screening"},"content":{"rendered":"\t\t<div data-elementor-type=\"wp-page\" data-elementor-id=\"7453\" class=\"elementor elementor-7453 elementor-1844\" data-elementor-post-type=\"page\">\n\t\t\t\t<div class=\"elementor-element elementor-element-7914ba8 e-flex e-con-boxed e-con e-parent\" data-id=\"7914ba8\" data-element_type=\"container\" data-e-type=\"container\" data-settings=\"{&quot;background_background&quot;:&quot;classic&quot;}\">\n\t\t\t\t\t<div class=\"e-con-inner\">\n\t\t<div class=\"elementor-element elementor-element-3bc266a e-con-full e-flex e-con e-child\" data-id=\"3bc266a\" data-element_type=\"container\" data-e-type=\"container\">\n\t\t\t\t<div class=\"elementor-element elementor-element-a1cb1bc elementor-widget elementor-widget-heading\" data-id=\"a1cb1bc\" data-element_type=\"widget\" data-e-type=\"widget\" data-settings=\"{&quot;_animation&quot;:&quot;none&quot;,&quot;_animation_delay&quot;:200}\" data-widget_type=\"heading.default\">\n\t\t\t\t<div class=\"elementor-widget-container\">\n\t\t\t\t\t<h1 class=\"elementor-heading-title elementor-size-default\">Screening<\/h1>\t\t\t\t<\/div>\n\t\t\t\t<\/div>\n\t\t\t\t<div class=\"elementor-element elementor-element-4f8c4fc elementor-widget-divider--view-line elementor-widget elementor-widget-divider\" data-id=\"4f8c4fc\" data-element_type=\"widget\" data-e-type=\"widget\" data-settings=\"{&quot;_animation&quot;:&quot;none&quot;,&quot;_animation_delay&quot;:400}\" data-widget_type=\"divider.default\">\n\t\t\t\t<div class=\"elementor-widget-container\">\n\t\t\t\t\t\t\t<div class=\"elementor-divider\">\n\t\t\t<span class=\"elementor-divider-separator\">\n\t\t\t\t\t\t<\/span>\n\t\t<\/div>\n\t\t\t\t\t\t<\/div>\n\t\t\t\t<\/div>\n\t\t\t\t<div class=\"elementor-element elementor-element-b4e75a0 elementor-widget elementor-widget-text-editor\" data-id=\"b4e75a0\" data-element_type=\"widget\" data-e-type=\"widget\" data-settings=\"{&quot;_animation&quot;:&quot;none&quot;,&quot;_animation_delay&quot;:400}\" data-widget_type=\"text-editor.default\">\n\t\t\t\t<div class=\"elementor-widget-container\">\n\t\t\t\t\t\t\t\t\t<p><span style=\"font-weight: 400;\">Aspen Grupp O\u00dc offers professional and reliable screening services using modern mobile screening equipment. Our aim is to provide a high quality and efficient screening service that meets the needs of your project. <\/span><\/p>\n\t\t\t\t\t\t\t\t<\/div>\n\t\t\t\t<\/div>\n\t\t\t\t<\/div>\n\t\t\t\t\t<\/div>\n\t\t\t\t<\/div>\n\t\t<div class=\"elementor-element elementor-element-8ee8acd e-con-full e-flex e-con e-parent\" data-id=\"8ee8acd\" data-element_type=\"container\" data-e-type=\"container\">\n\t\t<div class=\"elementor-element elementor-element-0cd7334 e-con-full e-flex e-con e-child\" data-id=\"0cd7334\" data-element_type=\"container\" data-e-type=\"container\" data-settings=\"{&quot;background_background&quot;:&quot;classic&quot;}\">\n\t\t\t\t<div class=\"elementor-element elementor-element-14f48f2 elementor-widget elementor-widget-spacer\" data-id=\"14f48f2\" data-element_type=\"widget\" data-e-type=\"widget\" data-widget_type=\"spacer.default\">\n\t\t\t\t<div class=\"elementor-widget-container\">\n\t\t\t\t\t\t\t<div class=\"elementor-spacer\">\n\t\t\t<div class=\"elementor-spacer-inner\"><\/div>\n\t\t<\/div>\n\t\t\t\t\t\t<\/div>\n\t\t\t\t<\/div>\n\t\t\t\t<\/div>\n\t\t<div class=\"elementor-element elementor-element-f54f7bd e-con-full e-flex e-con e-child\" data-id=\"f54f7bd\" data-element_type=\"container\" data-e-type=\"container\" data-settings=\"{&quot;background_background&quot;:&quot;classic&quot;}\">\n\t\t\t\t<div class=\"elementor-element elementor-element-ad5f749 elementor-widget elementor-widget-heading\" data-id=\"ad5f749\" data-element_type=\"widget\" data-e-type=\"widget\" data-settings=\"{&quot;_animation&quot;:&quot;none&quot;,&quot;_animation_delay&quot;:200}\" data-widget_type=\"heading.default\">\n\t\t\t\t<div class=\"elementor-widget-container\">\n\t\t\t\t\t<h3 class=\"elementor-heading-title elementor-size-default\">Screening services<\/h3>\t\t\t\t<\/div>\n\t\t\t\t<\/div>\n\t\t\t\t<div class=\"elementor-element elementor-element-3f832ec elementor-widget elementor-widget-text-editor\" data-id=\"3f832ec\" data-element_type=\"widget\" data-e-type=\"widget\" data-settings=\"{&quot;_animation&quot;:&quot;none&quot;,&quot;_animation_delay&quot;:600}\" data-widget_type=\"text-editor.default\">\n\t\t\t\t<div class=\"elementor-widget-container\">\n\t\t\t\t\t\t\t\t\t<p><span style=\"font-weight: 400;\">Aspen Group offers a wide range of screening services, including:<\/span><\/p>\n<ul>\n<li><strong>Aggregate screening<\/strong><\/li>\n<li><strong>Sand screening<\/strong><\/li>\n<li><strong>Surface screening<\/strong><\/li>\n<li><strong>Asphalt screening<\/strong><\/li>\n<\/ul>\n\t\t\t\t\t\t\t\t<\/div>\n\t\t\t\t<\/div>\n\t\t\t\t<\/div>\n\t\t\t\t<\/div>\n\t\t<div class=\"elementor-element elementor-element-ec54de9 e-con-full e-flex e-con e-parent\" data-id=\"ec54de9\" data-element_type=\"container\" data-e-type=\"container\" data-settings=\"{&quot;background_background&quot;:&quot;classic&quot;}\">\n\t\t<div class=\"elementor-element elementor-element-cc4531e e-grid e-con-full e-con e-child\" data-id=\"cc4531e\" data-element_type=\"container\" data-e-type=\"container\">\n\t\t<div class=\"elementor-element elementor-element-a5d6b37 e-con-full e-flex e-con e-child\" data-id=\"a5d6b37\" data-element_type=\"container\" data-e-type=\"container\" data-settings=\"{&quot;animation&quot;:&quot;none&quot;}\">\n\t\t\t\t<div class=\"elementor-element elementor-element-e237c11 elementor-widget elementor-widget-heading\" data-id=\"e237c11\" data-element_type=\"widget\" data-e-type=\"widget\" data-widget_type=\"heading.default\">\n\t\t\t\t<div class=\"elementor-widget-container\">\n\t\t\t\t\t<span class=\"elementor-heading-title elementor-size-default\">01<\/span>\t\t\t\t<\/div>\n\t\t\t\t<\/div>\n\t\t\t\t<div class=\"elementor-element elementor-element-d632e0b elementor-widget elementor-widget-heading\" data-id=\"d632e0b\" data-element_type=\"widget\" data-e-type=\"widget\" data-widget_type=\"heading.default\">\n\t\t\t\t<div class=\"elementor-widget-container\">\n\t\t\t\t\t<h5 class=\"elementor-heading-title elementor-size-default\">Evaluation of material<\/h5>\t\t\t\t<\/div>\n\t\t\t\t<\/div>\n\t\t\t\t<div class=\"elementor-element elementor-element-667e93b elementor-widget elementor-widget-text-editor\" data-id=\"667e93b\" data-element_type=\"widget\" data-e-type=\"widget\" data-widget_type=\"text-editor.default\">\n\t\t\t\t<div class=\"elementor-widget-container\">\n\t\t\t\t\t\t\t\t\t<p><span style=\"font-weight: 400;\">Assessing the type and quantity of material.  <\/span><span style=\"font-weight: 400;\">Choosing the right screening method and equipment.<\/span><\/p>\n\t\t\t\t\t\t\t\t<\/div>\n\t\t\t\t<\/div>\n\t\t\t\t<\/div>\n\t\t<div class=\"elementor-element elementor-element-c4adc2c e-con-full e-flex e-con e-child\" data-id=\"c4adc2c\" data-element_type=\"container\" data-e-type=\"container\" data-settings=\"{&quot;animation&quot;:&quot;none&quot;}\">\n\t\t\t\t<div class=\"elementor-element elementor-element-8d76430 elementor-widget elementor-widget-heading\" data-id=\"8d76430\" data-element_type=\"widget\" data-e-type=\"widget\" data-widget_type=\"heading.default\">\n\t\t\t\t<div class=\"elementor-widget-container\">\n\t\t\t\t\t<span class=\"elementor-heading-title elementor-size-default\">02<\/span>\t\t\t\t<\/div>\n\t\t\t\t<\/div>\n\t\t\t\t<div class=\"elementor-element elementor-element-f795697 elementor-widget elementor-widget-heading\" data-id=\"f795697\" data-element_type=\"widget\" data-e-type=\"widget\" data-widget_type=\"heading.default\">\n\t\t\t\t<div class=\"elementor-widget-container\">\n\t\t\t\t\t<h5 class=\"elementor-heading-title elementor-size-default\">Preparatory work<\/h5>\t\t\t\t<\/div>\n\t\t\t\t<\/div>\n\t\t\t\t<div class=\"elementor-element elementor-element-68e5302 elementor-widget elementor-widget-text-editor\" data-id=\"68e5302\" data-element_type=\"widget\" data-e-type=\"widget\" data-widget_type=\"text-editor.default\">\n\t\t\t\t<div class=\"elementor-widget-container\">\n\t\t\t\t\t\t\t\t\t<p><span style=\"font-weight: 400;\">Preparing material for screening.  <\/span><span style=\"font-weight: 400;\">Installation and preparation of screening equipment.<\/span><\/p>\n\t\t\t\t\t\t\t\t<\/div>\n\t\t\t\t<\/div>\n\t\t\t\t<\/div>\n\t\t<div class=\"elementor-element elementor-element-4b50658 e-con-full e-flex e-con e-child\" data-id=\"4b50658\" data-element_type=\"container\" data-e-type=\"container\" data-settings=\"{&quot;animation&quot;:&quot;none&quot;}\">\n\t\t\t\t<div class=\"elementor-element elementor-element-229035d elementor-widget elementor-widget-heading\" data-id=\"229035d\" data-element_type=\"widget\" data-e-type=\"widget\" data-widget_type=\"heading.default\">\n\t\t\t\t<div class=\"elementor-widget-container\">\n\t\t\t\t\t<span class=\"elementor-heading-title elementor-size-default\">03<\/span>\t\t\t\t<\/div>\n\t\t\t\t<\/div>\n\t\t\t\t<div class=\"elementor-element elementor-element-ef786d0 elementor-widget elementor-widget-heading\" data-id=\"ef786d0\" data-element_type=\"widget\" data-e-type=\"widget\" data-widget_type=\"heading.default\">\n\t\t\t\t<div class=\"elementor-widget-container\">\n\t\t\t\t\t<h5 class=\"elementor-heading-title elementor-size-default\">Sifting<\/h5>\t\t\t\t<\/div>\n\t\t\t\t<\/div>\n\t\t\t\t<div class=\"elementor-element elementor-element-db3c782 elementor-widget elementor-widget-text-editor\" data-id=\"db3c782\" data-element_type=\"widget\" data-e-type=\"widget\" data-widget_type=\"text-editor.default\">\n\t\t\t\t<div class=\"elementor-widget-container\">\n\t\t\t\t\t\t\t\t\t<p><span style=\"font-weight: 400;\">Material screening according to project requirements.  <\/span><span style=\"font-weight: 400;\">Sorting and storage of screened material.<\/span><\/p>\n\t\t\t\t\t\t\t\t<\/div>\n\t\t\t\t<\/div>\n\t\t\t\t<\/div>\n\t\t\t\t<\/div>\n\t\t\t\t<\/div>\n\t\t<div class=\"elementor-element elementor-element-c1ba067 e-con-full e-flex e-con e-parent\" data-id=\"c1ba067\" data-element_type=\"container\" data-e-type=\"container\">\n\t\t<div class=\"elementor-element elementor-element-de40c46 e-con-full e-flex e-con e-child\" data-id=\"de40c46\" data-element_type=\"container\" data-e-type=\"container\" data-settings=\"{&quot;background_background&quot;:&quot;classic&quot;}\">\n\t\t\t\t<\/div>\n\t\t<div class=\"elementor-element elementor-element-d079cc6 e-con-full e-flex e-con e-child\" data-id=\"d079cc6\" data-element_type=\"container\" data-e-type=\"container\" data-settings=\"{&quot;background_background&quot;:&quot;classic&quot;}\">\n\t\t\t\t<div class=\"elementor-element elementor-element-a9a0928 elementor-widget elementor-widget-heading\" data-id=\"a9a0928\" data-element_type=\"widget\" data-e-type=\"widget\" data-settings=\"{&quot;_animation&quot;:&quot;none&quot;,&quot;_animation_delay&quot;:200}\" data-widget_type=\"heading.default\">\n\t\t\t\t<div class=\"elementor-widget-container\">\n\t\t\t\t\t<h3 class=\"elementor-heading-title elementor-size-default\">Screening machines and conveyors (stackers)<\/h3>\t\t\t\t<\/div>\n\t\t\t\t<\/div>\n\t\t\t\t<div class=\"elementor-element elementor-element-8207ebf elementor-widget elementor-widget-text-editor\" data-id=\"8207ebf\" data-element_type=\"widget\" data-e-type=\"widget\" data-settings=\"{&quot;_animation&quot;:&quot;none&quot;,&quot;_animation_delay&quot;:600}\" data-widget_type=\"text-editor.default\">\n\t\t\t\t<div class=\"elementor-widget-container\">\n\t\t\t\t\t\t\t\t\t<p><b>McCloskey R155 sieve:<\/b><\/p>\n<ul>\n<li aria-level=\"1\">Rental price:<span style=\"font-weight: 400;\"> 110,00 \u20ac\/h<\/span><\/li>\n<\/ul>\n\t\t\t\t\t\t\t\t<\/div>\n\t\t\t\t<\/div>\n\t\t\t\t<div class=\"elementor-element elementor-element-67a534d elementor-widget-divider--view-line elementor-widget elementor-widget-divider\" data-id=\"67a534d\" data-element_type=\"widget\" data-e-type=\"widget\" data-widget_type=\"divider.default\">\n\t\t\t\t<div class=\"elementor-widget-container\">\n\t\t\t\t\t\t\t<div class=\"elementor-divider\">\n\t\t\t<span class=\"elementor-divider-separator\">\n\t\t\t\t\t\t<\/span>\n\t\t<\/div>\n\t\t\t\t\t\t<\/div>\n\t\t\t\t<\/div>\n\t\t\t\t<div class=\"elementor-element elementor-element-6d63441 elementor-widget elementor-widget-text-editor\" data-id=\"6d63441\" data-element_type=\"widget\" data-e-type=\"widget\" data-settings=\"{&quot;_animation&quot;:&quot;none&quot;,&quot;_animation_delay&quot;:600}\" data-widget_type=\"text-editor.default\">\n\t\t\t\t<div class=\"elementor-widget-container\">\n\t\t\t\t\t\t\t\t\t<p><b>Sickle Metso ST272 \/34t:<\/b><\/p>\n<ul>\n<li style=\"font-weight: 400;\" aria-level=\"1\"><span style=\"font-weight: 400;\">3-tech sieve<\/span><\/li>\n<li style=\"font-weight: 400;\" aria-level=\"1\">Rental price:<span style=\"font-weight: 400;\"> 130,00 \u20ac\/h<\/span><\/li>\n<\/ul>\n\t\t\t\t\t\t\t\t<\/div>\n\t\t\t\t<\/div>\n\t\t\t\t<div class=\"elementor-element elementor-element-da68a89 elementor-widget-divider--view-line elementor-widget elementor-widget-divider\" data-id=\"da68a89\" data-element_type=\"widget\" data-e-type=\"widget\" data-widget_type=\"divider.default\">\n\t\t\t\t<div class=\"elementor-widget-container\">\n\t\t\t\t\t\t\t<div class=\"elementor-divider\">\n\t\t\t<span class=\"elementor-divider-separator\">\n\t\t\t\t\t\t<\/span>\n\t\t<\/div>\n\t\t\t\t\t\t<\/div>\n\t\t\t\t<\/div>\n\t\t\t\t<div class=\"elementor-element elementor-element-fc60b2d elementor-widget elementor-widget-text-editor\" data-id=\"fc60b2d\" data-element_type=\"widget\" data-e-type=\"widget\" data-settings=\"{&quot;_animation&quot;:&quot;none&quot;,&quot;_animation_delay&quot;:600}\" data-widget_type=\"text-editor.default\">\n\t\t\t\t<div class=\"elementor-widget-container\">\n\t\t\t\t\t\t\t\t\t<p><strong>Tuner McCloskey ST80:<\/strong><\/p>\n<ul>\n<li data-pm-slice=\"1 1 []\">Pit height: 9.3m<\/li>\n<li>Capacity: 1500m\u00b3<\/li>\n<li>Conveyor length: 24.38m<\/li>\n<\/ul>\n\t\t\t\t\t\t\t\t<\/div>\n\t\t\t\t<\/div>\n\t\t\t\t<div class=\"elementor-element elementor-element-1a497ad elementor-widget-divider--view-line elementor-widget elementor-widget-divider\" data-id=\"1a497ad\" data-element_type=\"widget\" data-e-type=\"widget\" data-widget_type=\"divider.default\">\n\t\t\t\t<div class=\"elementor-widget-container\">\n\t\t\t\t\t\t\t<div class=\"elementor-divider\">\n\t\t\t<span class=\"elementor-divider-separator\">\n\t\t\t\t\t\t<\/span>\n\t\t<\/div>\n\t\t\t\t\t\t<\/div>\n\t\t\t\t<\/div>\n\t\t\t\t<div class=\"elementor-element elementor-element-1384da5 elementor-widget elementor-widget-text-editor\" data-id=\"1384da5\" data-element_type=\"widget\" data-e-type=\"widget\" data-settings=\"{&quot;_animation&quot;:&quot;none&quot;,&quot;_animation_delay&quot;:600}\" data-widget_type=\"text-editor.default\">\n\t\t\t\t<div class=\"elementor-widget-container\">\n\t\t\t\t\t\t\t\t\t<p><strong>Tuner Edge TS65:<\/strong><\/p>\n<ul>\n<li data-pm-slice=\"1 1 []\">Height of ditch: 7,4m<\/li>\n<li>Conveyor length: 19,83m<\/li>\n<\/ul>\n\t\t\t\t\t\t\t\t<\/div>\n\t\t\t\t<\/div>\n\t\t\t\t<\/div>\n\t\t\t\t<\/div>\n\t\t\t\t<\/div>\n\t\t","protected":false},"excerpt":{"rendered":"<p>Screening Aspen Grupp O\u00dc offers professional and reliable screening services using modern mobile screening equipment. Our aim is to provide a high quality and efficient screening service that meets the needs of your project. Screening services Aspen Group offers a wide range of screening services, including: Aggregate screening Sand screening Surface screening Asphalt screening 01 [&hellip;]<\/p>\n","protected":false},"author":3,"featured_media":0,"parent":0,"menu_order":0,"comment_status":"closed","ping_status":"closed","template":"elementor_theme","meta":{"_acf_changed":false,"footnotes":""},"class_list":["post-7453","page","type-page","status-publish","hentry"],"acf":[],"yoast_head":"<!-- This site is optimized with the Yoast SEO plugin v27.5 - https:\/\/yoast.com\/product\/yoast-seo-wordpress\/ -->\n<title>Screening | Aspen<\/title>\n<meta name=\"description\" content=\"Aspen Grupp pakub killustiku, liiva ja pinnase s\u00f5elumise teenust. Meie seadmed tagavad t\u00e4pse s\u00f5elumisteenuse vastavalt etteantud n\u00f5uetele.\" \/>\n<meta name=\"robots\" content=\"index, follow, max-snippet:-1, max-image-preview:large, max-video-preview:-1\" \/>\n<link rel=\"canonical\" href=\"https:\/\/aspen.ee\/en\/screening\/\" \/>\n<meta property=\"og:locale\" content=\"en_US\" \/>\n<meta property=\"og:type\" content=\"article\" \/>\n<meta property=\"og:title\" content=\"Screening | Aspen\" \/>\n<meta property=\"og:description\" content=\"Aspen Grupp pakub killustiku, liiva ja pinnase s\u00f5elumise teenust. Meie seadmed tagavad t\u00e4pse s\u00f5elumisteenuse vastavalt etteantud n\u00f5uetele.\" \/>\n<meta property=\"og:url\" content=\"https:\/\/aspen.ee\/en\/screening\/\" \/>\n<meta property=\"og:site_name\" content=\"Aspen\" \/>\n<meta property=\"article:modified_time\" content=\"2024-11-05T16:55:51+00:00\" \/>\n<meta name=\"twitter:card\" content=\"summary_large_image\" \/>\n<meta name=\"twitter:label1\" content=\"Est. reading time\" \/>\n\t<meta name=\"twitter:data1\" content=\"1 minute\" \/>\n<script type=\"application\/ld+json\" class=\"yoast-schema-graph\">{\"@context\":\"https:\\\/\\\/schema.org\",\"@graph\":[{\"@type\":\"WebPage\",\"@id\":\"https:\\\/\\\/aspen.ee\\\/en\\\/screening\\\/\",\"url\":\"https:\\\/\\\/aspen.ee\\\/en\\\/screening\\\/\",\"name\":\"Screening | Aspen\",\"isPartOf\":{\"@id\":\"https:\\\/\\\/aspen.ee\\\/en\\\/#website\"},\"datePublished\":\"2024-08-21T09:01:49+00:00\",\"dateModified\":\"2024-11-05T16:55:51+00:00\",\"description\":\"Aspen Grupp pakub killustiku, liiva ja pinnase s\u00f5elumise teenust. Meie seadmed tagavad t\u00e4pse s\u00f5elumisteenuse vastavalt etteantud n\u00f5uetele.\",\"breadcrumb\":{\"@id\":\"https:\\\/\\\/aspen.ee\\\/en\\\/screening\\\/#breadcrumb\"},\"inLanguage\":\"en-US\",\"potentialAction\":[{\"@type\":\"ReadAction\",\"target\":[\"https:\\\/\\\/aspen.ee\\\/en\\\/screening\\\/\"]}]},{\"@type\":\"BreadcrumbList\",\"@id\":\"https:\\\/\\\/aspen.ee\\\/en\\\/screening\\\/#breadcrumb\",\"itemListElement\":[{\"@type\":\"ListItem\",\"position\":1,\"name\":\"Home\",\"item\":\"https:\\\/\\\/aspen.ee\\\/en\\\/\"},{\"@type\":\"ListItem\",\"position\":2,\"name\":\"Screening\"}]},{\"@type\":\"WebSite\",\"@id\":\"https:\\\/\\\/aspen.ee\\\/en\\\/#website\",\"url\":\"https:\\\/\\\/aspen.ee\\\/en\\\/\",\"name\":\"Aspen Grupp\",\"description\":\"\",\"publisher\":{\"@id\":\"https:\\\/\\\/aspen.ee\\\/en\\\/#organization\"},\"potentialAction\":[{\"@type\":\"SearchAction\",\"target\":{\"@type\":\"EntryPoint\",\"urlTemplate\":\"https:\\\/\\\/aspen.ee\\\/en\\\/?s={search_term_string}\"},\"query-input\":{\"@type\":\"PropertyValueSpecification\",\"valueRequired\":true,\"valueName\":\"search_term_string\"}}],\"inLanguage\":\"en-US\"},{\"@type\":\"Organization\",\"@id\":\"https:\\\/\\\/aspen.ee\\\/en\\\/#organization\",\"name\":\"Aspen Grupp\",\"url\":\"https:\\\/\\\/aspen.ee\\\/en\\\/\",\"logo\":{\"@type\":\"ImageObject\",\"inLanguage\":\"en-US\",\"@id\":\"https:\\\/\\\/aspen.ee\\\/en\\\/#\\\/schema\\\/logo\\\/image\\\/\",\"url\":\"https:\\\/\\\/aspen.ee\\\/wp-content\\\/uploads\\\/2024\\\/06\\\/ylogo.png\",\"contentUrl\":\"https:\\\/\\\/aspen.ee\\\/wp-content\\\/uploads\\\/2024\\\/06\\\/ylogo.png\",\"width\":220,\"height\":74,\"caption\":\"Aspen Grupp\"},\"image\":{\"@id\":\"https:\\\/\\\/aspen.ee\\\/en\\\/#\\\/schema\\\/logo\\\/image\\\/\"}}]}<\/script>\n<!-- \/ Yoast SEO plugin. -->","yoast_head_json":{"title":"Screening | Aspen","description":"Aspen Grupp pakub killustiku, liiva ja pinnase s\u00f5elumise teenust. Meie seadmed tagavad t\u00e4pse s\u00f5elumisteenuse vastavalt etteantud n\u00f5uetele.","robots":{"index":"index","follow":"follow","max-snippet":"max-snippet:-1","max-image-preview":"max-image-preview:large","max-video-preview":"max-video-preview:-1"},"canonical":"https:\/\/aspen.ee\/en\/screening\/","og_locale":"en_US","og_type":"article","og_title":"Screening | Aspen","og_description":"Aspen Grupp pakub killustiku, liiva ja pinnase s\u00f5elumise teenust. Meie seadmed tagavad t\u00e4pse s\u00f5elumisteenuse vastavalt etteantud n\u00f5uetele.","og_url":"https:\/\/aspen.ee\/en\/screening\/","og_site_name":"Aspen","article_modified_time":"2024-11-05T16:55:51+00:00","twitter_card":"summary_large_image","twitter_misc":{"Est. reading time":"1 minute"},"schema":{"@context":"https:\/\/schema.org","@graph":[{"@type":"WebPage","@id":"https:\/\/aspen.ee\/en\/screening\/","url":"https:\/\/aspen.ee\/en\/screening\/","name":"Screening | Aspen","isPartOf":{"@id":"https:\/\/aspen.ee\/en\/#website"},"datePublished":"2024-08-21T09:01:49+00:00","dateModified":"2024-11-05T16:55:51+00:00","description":"Aspen Grupp pakub killustiku, liiva ja pinnase s\u00f5elumise teenust. Meie seadmed tagavad t\u00e4pse s\u00f5elumisteenuse vastavalt etteantud n\u00f5uetele.","breadcrumb":{"@id":"https:\/\/aspen.ee\/en\/screening\/#breadcrumb"},"inLanguage":"en-US","potentialAction":[{"@type":"ReadAction","target":["https:\/\/aspen.ee\/en\/screening\/"]}]},{"@type":"BreadcrumbList","@id":"https:\/\/aspen.ee\/en\/screening\/#breadcrumb","itemListElement":[{"@type":"ListItem","position":1,"name":"Home","item":"https:\/\/aspen.ee\/en\/"},{"@type":"ListItem","position":2,"name":"Screening"}]},{"@type":"WebSite","@id":"https:\/\/aspen.ee\/en\/#website","url":"https:\/\/aspen.ee\/en\/","name":"Aspen Grupp","description":"","publisher":{"@id":"https:\/\/aspen.ee\/en\/#organization"},"potentialAction":[{"@type":"SearchAction","target":{"@type":"EntryPoint","urlTemplate":"https:\/\/aspen.ee\/en\/?s={search_term_string}"},"query-input":{"@type":"PropertyValueSpecification","valueRequired":true,"valueName":"search_term_string"}}],"inLanguage":"en-US"},{"@type":"Organization","@id":"https:\/\/aspen.ee\/en\/#organization","name":"Aspen Grupp","url":"https:\/\/aspen.ee\/en\/","logo":{"@type":"ImageObject","inLanguage":"en-US","@id":"https:\/\/aspen.ee\/en\/#\/schema\/logo\/image\/","url":"https:\/\/aspen.ee\/wp-content\/uploads\/2024\/06\/ylogo.png","contentUrl":"https:\/\/aspen.ee\/wp-content\/uploads\/2024\/06\/ylogo.png","width":220,"height":74,"caption":"Aspen Grupp"},"image":{"@id":"https:\/\/aspen.ee\/en\/#\/schema\/logo\/image\/"}}]}},"_links":{"self":[{"href":"https:\/\/aspen.ee\/en\/wp-json\/wp\/v2\/pages\/7453","targetHints":{"allow":["GET"]}}],"collection":[{"href":"https:\/\/aspen.ee\/en\/wp-json\/wp\/v2\/pages"}],"about":[{"href":"https:\/\/aspen.ee\/en\/wp-json\/wp\/v2\/types\/page"}],"author":[{"embeddable":true,"href":"https:\/\/aspen.ee\/en\/wp-json\/wp\/v2\/users\/3"}],"replies":[{"embeddable":true,"href":"https:\/\/aspen.ee\/en\/wp-json\/wp\/v2\/comments?post=7453"}],"version-history":[{"count":2,"href":"https:\/\/aspen.ee\/en\/wp-json\/wp\/v2\/pages\/7453\/revisions"}],"predecessor-version":[{"id":7691,"href":"https:\/\/aspen.ee\/en\/wp-json\/wp\/v2\/pages\/7453\/revisions\/7691"}],"wp:attachment":[{"href":"https:\/\/aspen.ee\/en\/wp-json\/wp\/v2\/media?parent=7453"}],"curies":[{"name":"wp","href":"https:\/\/api.w.org\/{rel}","templated":true}]}}